{"id":11,"date":"2021-12-20T19:10:11","date_gmt":"2021-12-20T18:10:11","guid":{"rendered":"http:\/\/sv3d.fr\/wordpress\/?page_id=11"},"modified":"2021-12-29T11:23:27","modified_gmt":"2021-12-29T10:23:27","slug":"le-nouveau-e-mucem-ouvre-ses-portes-2","status":"publish","type":"page","link":"http:\/\/sv3d.fr\/wordpress\/","title":{"rendered":"Accueil"},"content":{"rendered":"\n<div class=\"wp-block-group alignwide\"><div class=\"wp-block-group__inner-container\">\n<h2 class=\"has-text-align-center\">La destination \u00e0 ne pas rater<\/h2>\n<\/div><\/div>\n\n\n\n<figure class=\"wp-block-video aligncenter\"><video controls src=\"http:\/\/sv3d.fr\/SV3d-Home-2021.12.29.mp4\"><\/video><figcaption>Pr\u00e9sentation vid\u00e9o du Home SV3D<\/figcaption><\/figure>\n\n\n\n<h2 class=\"has-theme-palette-7-color has-theme-palette-3-background-color has-text-color has-background\">QUI SOMMES NOUS :<\/h2>\n\n\n\n<p class=\"has-theme-palette-5-color has-theme-palette-3-background-color has-text-color has-background\" style=\"line-height:1.5\">Vous \u00e9merveiller, vous \u00e9mouvoir, vous donner envie de construire, de d\u00e9couvrir et de cr\u00e9er quelque part dans ce monde merveilleux qu&rsquo;est Opensim, votre petit monde \u00e0 vous, Telle est la raison d&rsquo;\u00eatre de SV3D.<\/p>\n\n\n\n<p class=\"has-theme-palette-5-color has-theme-palette-3-background-color has-text-color has-background\">Pour cela nous serons l\u00e0, avec notre \u00ab\u00a0Academy\u00a0\u00bb qui vous apprendra \u00e0 construire votre r\u00eave, avec nos shops o\u00f9 vous trouverez forc\u00e9ment votre bonheur gratuitement pour cr\u00e9er votre Seconde Vie.<\/p>\n\n\n\n<p class=\"has-theme-palette-5-color has-theme-palette-3-background-color has-text-color has-background\">Ouverts, disponibles et toujours \u00e0 l&rsquo;\u00e9coute de vos besoins et questions, nous serons l\u00e0 pour vous orienter et vous conseiller.<br>N&rsquo;h\u00e9sitez pas \u00e0 contacter Minord Loup ou Steph Loup.<\/p>\n\n\n\n<div class=\"wp-block-group alignwide\"><div class=\"wp-block-group__inner-container\">\n<figure class=\"wp-block-image alignwide size-full is-style-default\"><img loading=\"lazy\" width=\"2048\" height=\"883\" src=\"http:\/\/sv3d.fr\/wordpress\/wp-content\/uploads\/2021\/12\/Decor-360.jpg\" alt=\"\" class=\"wp-image-80\"\/><\/figure>\n<\/div><\/div>\n\n\n\n<p><\/p>\n\n\n\n<div class=\"wp-block-group alignwide has-background\" style=\"background-color:#ffffff\"><div class=\"wp-block-group__inner-container\">\n<div class=\"wp-block-group\"><div class=\"wp-block-group__inner-container\">\n<h2 class=\"has-text-align-center\">Devenez membre et obtenez des \u00e9l\u00e9ments exclusifs&nbsp;!<\/h2>\n\n\n\n<p class=\"has-text-align-center\">Les membres ont acc\u00e8s \u00e0 des \u00e9l\u00e9ments exclusifs. Notre abonnement est gratuit.<\/p>\n\n\n\n<div class=\"wp-block-button aligncenter\"><a class=\"wp-block-button__link\" href=\"http:\/\/sv3d.fr\/wordpress\/index.php\/en-construction\/\">Rejoignez nous<\/a><\/div>\n<\/div><\/div>\n<\/div><\/div>\n\n\n\n<figure class=\"wp-block-gallery alignwide columns-0 is-cropped\"><ul class=\"blocks-gallery-grid\"><\/ul><\/figure>\n","protected":false},"excerpt":{"rendered":"<p>La destination \u00e0 ne pas rater QUI SOMMES NOUS : Vous \u00e9merveiller, vous \u00e9mouvoir, vous donner envie de construire, de d\u00e9couvrir et de cr\u00e9er quelque part dans ce monde merveilleux qu&rsquo;est Opensim, votre petit monde \u00e0 vous, Telle est la raison d&rsquo;\u00eatre de SV3D. Pour cela nous serons l\u00e0, avec notre \u00ab\u00a0Academy\u00a0\u00bb qui vous apprendra&#8230;<\/p>\n","protected":false},"author":1,"featured_media":38,"parent":41,"menu_order":1,"comment_status":"closed","ping_status":"closed","template":"","meta":{"_kad_post_transparent":"default","_kad_post_title":"","_kad_post_layout":"default","_kad_post_sidebar_id":"","_kad_post_content_style":"default","_kad_post_vertical_padding":"default","_kad_post_feature":"default","_kad_post_feature_position":"","_kad_post_header":false,"_kad_post_footer":false},"_links":{"self":[{"href":"http:\/\/sv3d.fr\/wordpress\/index.php\/wp-json\/wp\/v2\/pages\/11"}],"collection":[{"href":"http:\/\/sv3d.fr\/wordpress\/index.php\/wp-json\/wp\/v2\/pages"}],"about":[{"href":"http:\/\/sv3d.fr\/wordpress\/index.php\/wp-json\/wp\/v2\/types\/page"}],"author":[{"embeddable":true,"href":"http:\/\/sv3d.fr\/wordpress\/index.php\/wp-json\/wp\/v2\/users\/1"}],"replies":[{"embeddable":true,"href":"http:\/\/sv3d.fr\/wordpress\/index.php\/wp-json\/wp\/v2\/comments?post=11"}],"version-history":[{"count":13,"href":"http:\/\/sv3d.fr\/wordpress\/index.php\/wp-json\/wp\/v2\/pages\/11\/revisions"}],"predecessor-version":[{"id":157,"href":"http:\/\/sv3d.fr\/wordpress\/index.php\/wp-json\/wp\/v2\/pages\/11\/revisions\/157"}],"up":[{"embeddable":true,"href":"http:\/\/sv3d.fr\/wordpress\/index.php\/wp-json\/wp\/v2\/pages\/41"}],"wp:featuredmedia":[{"embeddable":true,"href":"http:\/\/sv3d.fr\/wordpress\/index.php\/wp-json\/wp\/v2\/media\/38"}],"wp:attachment":[{"href":"http:\/\/sv3d.fr\/wordpress\/index.php\/wp-json\/wp\/v2\/media?parent=11"}],"curies":[{"name":"wp","href":"https:\/\/api.w.org\/{rel}","templated":true}]}}